{"id":8073,"date":"2024-06-05T13:58:21","date_gmt":"2024-06-05T11:58:21","guid":{"rendered":"https:\/\/catasa.es\/?page_id=8073"},"modified":"2026-04-19T12:59:27","modified_gmt":"2026-04-19T10:59:27","slug":"catering-para-hospitales","status":"publish","type":"page","link":"https:\/\/catasa.es\/cat\/serveis\/catering-per-hospitals\/","title":{"rendered":"C\u00e0tering per a Hospitals"},"content":{"rendered":"<div class=\"wp-block-uagb-container uagb-block-0bd0df51 alignfull uagb-is-root-container\"><div class=\"uagb-container__shape uagb-container__shape-bottom uagb-container__invert\" data-negative=\"false\"><svg xmlns=\"https:\/\/www.w3.org\/2000\/svg\" viewbox=\"0 0 937.5 120\" preserveaspectratio=\"none\"><path class=\"uagb-container__shape-fill\" d=\"M937,129.8V-0.1H0v129.9C0,62.6,209.6,8.2,468.4,8.2S936.9,62.6,937,129.8z\"><\/path><\/svg><\/div><div class=\"uagb-container-inner-blocks-wrap\">\n<div class=\"wp-block-uagb-advanced-heading uagb-block-925b45ae\"><h1 class=\"uagb-heading-text\">C\u00e0tering per a Hospitals<\/h1><p class=\"uagb-desc-text\">A Catasa sabem que una<strong> nutrici\u00f3 adequada<\/strong> \u00e9s fonamental per a la recuperaci\u00f3 i el benestar dels pacients. Amb m\u00e9s de 30 anys d&#039;experi\u00e8ncia, oferim<strong> serveis de c\u00e0tering per a hospitals<\/strong> a Madrid i Catalunya, adaptant-nos a les necessitats espec\u00edfiques de cada centre de salut i garantint-ne la<strong> m\u00e0xima qualitat<\/strong> a cada \u00e0pat.<\/p><\/div>\n<\/div><\/div>\n\n\n\n<div class=\"wp-block-uagb-container uag-blocks-common-selector uagb-block-1f193b09 alignfull uagb-is-root-container\">\n<div class=\"wp-block-uagb-container uagb-block-468ce53b\">\n<div class=\"wp-block-uagb-container uagb-block-8c4ae561\"><\/div>\n\n\n\n<div class=\"wp-block-uagb-container uagb-block-39031838\">\n<div class=\"wp-block-uagb-advanced-heading uagb-block-303e7329\"><h2 class=\"uagb-heading-text\">La nostra Filosofia al C\u00e0tering Hospitalari<\/h2><p class=\"uagb-desc-text\">El nostre comprom\u00eds \u00e9s convertir l&#039;hora del dinar en un<strong> moment nutritiu i agradable<\/strong> per als pacients. Utilitzem <strong>productes frescos i de temporada<\/strong>, treballant amb<strong> prove\u00efdors locals<\/strong> que comparteixen els nostres alts est\u00e0ndards de qualitat i sostenibilitat.<\/p><\/div>\n\n\n\n<div class=\"wp-block-uagb-container uagb-block-4a921b5e\">\n<div class=\"wp-block-uagb-advanced-heading uagb-block-28642f56\"><h3 class=\"uagb-heading-text\">Men\u00fas Adaptats i Nutritius per a Hospitals<\/h3><\/div>\n\n\n\n<div class=\"wp-block-uagb-container uagb-block-aab5d032\">\n<div class=\"wp-block-uagb-info-box uagb-block-b10174fd uagb-infobox__content-wrap  uagb-infobox-icon-above-title uagb-infobox-image-valign-top\"><div class=\"uagb-ifb-content\"><div class=\"uagb-ifb-icon-wrap\"><svg xmlns=\"https:\/\/www.w3.org\/2000\/svg\" viewbox=\"0 0 400 512\"><path d=\"M88 8.1S221.4-.1 209 112.5c0 0 19.1-74.9 103-40.6 0 0-17.7 74-88 56 0 0 14.6-54.6 66.1-56.6 0 0-39.9-10.3-82.1 48.8 0 0-19.8-94.5-93.6-99.7 0 0 75.2 19.4 77.6 107.5 0 .1-106.4 7-104-119.8zm312 315.6c0 48.5-9.7 95.3-32 132.3-42.2 30.9-105 48-168 48-62.9 0-125.8-17.1-168-48C9.7 419 0 372.2 0 323.7 0 275.3 17.7 229 40 192c42.2-30.9 97.1-48.6 160-48.6 63 0 117.8 17.6 160 48.6 22.3 37 40 83.3 40 131.7zM120 428c0-15.5-12.5-28-28-28s-28 12.5-28 28 12.5 28 28 28 28-12.5 28-28zm0-66.2c0-15.5-12.5-28-28-28s-28 12.5-28 28 12.5 28 28 28 28-12.5 28-28zm0-66.2c0-15.5-12.5-28-28-28s-28 12.5-28 28 12.5 28 28 28 28-12.5 28-28zM192 428c0-15.5-12.5-28-28-28s-28 12.5-28 28 12.5 28 28 28 28-12.5 28-28zm0-66.2c0-15.5-12.5-28-28-28s-28 12.5-28 28 12.5 28 28 28 28-12.5 28-28zm0-66.2c0-15.5-12.5-28-28-28s-28 12.5-28 28 12.5 28 28 28 28-12.5 28-28zM264 428c0-15.5-12.5-28-28-28s-28 12.5-28 28 12.5 28 28 28 28-12.5 28-28zm0-66.2c0-15.5-12.5-28-28-28s-28 12.5-28 28 12.5 28 28 28 28-12.5 28-28zm0-66.2c0-15.5-12.5-28-28-28s-28 12.5-28 28 12.5 28 28 28 28-12.5 28-28zM336 428c0-15.5-12.5-28-28-28s-28 12.5-28 28 12.5 28 28 28 28-12.5 28-28zm0-66.2c0-15.5-12.5-28-28-28s-28 12.5-28 28 12.5 28 28 28 28-12.5 28-28zm0-66.2c0-15.5-12.5-28-28-28s-28 12.5-28 28 12.5 28 28 28 28-12.5 28-28zm24-39.6c-4.8-22.3-7.4-36.9-16-56-38.8-19.9-90.5-32-144-32S94.8 180.1 56 200c-8.8 19.5-11.2 33.9-16 56 42.2-7.9 98.7-14.8 160-14.8s117.8 6.9 160 14.8z\"><\/path><\/svg><\/div><div class=\"uagb-ifb-title-wrap\"><h4 class=\"uagb-ifb-title\">Varietat i Nutrici\u00f3<\/h4><\/div><p class=\"uagb-ifb-desc\">Dissenyem men\u00fas variats i equilibrats que s&#039;ajusten a les necessitats nutricionals dels pacients, promovent-ne la recuperaci\u00f3 i el benestar mitjan\u00e7ant una alimentaci\u00f3 completa i adaptada a cada patologia.<\/p><\/div><\/div>\n\n\n\n<div class=\"wp-block-uagb-info-box uagb-block-6eee716d uagb-infobox__content-wrap  uagb-infobox-icon-above-title uagb-infobox-image-valign-top\"><div class=\"uagb-ifb-content\"><div class=\"uagb-ifb-icon-wrap\"><svg xmlns=\"https:\/\/www.w3.org\/2000\/svg\" viewbox=\"0 0 576 512\"><path d=\"M80 144C80 108.7 108.7 80 144 80C179.3 80 208 108.7 208 144C208 179.3 179.3 208 144 208C108.7 208 80 179.3 80 144zM284.4 176C269.9 240.1 212.5 288 144 288C64.47 288 0 223.5 0 144C0 64.47 64.47 0 144 0C212.5 0 269.9 47.87 284.4 112H356.2C365 102.2 377.8 96 392 96H496C522.5 96 544 117.5 544 144C544 170.5 522.5 192 496 192H392C377.8 192 365 185.8 356.2 176H284.4zM144 48C90.98 48 48 90.98 48 144C48 197 90.98 240 144 240C197 240 240 197 240 144C240 90.98 197 48 144 48zM424 264V272H520C533.3 272 544 282.7 544 296C544 309.3 533.3 320 520 320H280C266.7 320 256 309.3 256 296C256 282.7 266.7 272 280 272H376V264C376 250.7 386.7 240 400 240C413.3 240 424 250.7 424 264zM288 464V352H512V464C512 490.5 490.5 512 464 512H336C309.5 512 288 490.5 288 464zM176 320C202.5 320 224 341.5 224 368C224 394.5 202.5 416 176 416H160C160 433.7 145.7 448 128 448H64C46.33 448 32 433.7 32 416V336C32 327.2 39.16 320 48 320H176zM192 368C192 359.2 184.8 352 176 352H160V384H176C184.8 384 192 376.8 192 368zM200 464C213.3 464 224 474.7 224 488C224 501.3 213.3 512 200 512H24C10.75 512 0 501.3 0 488C0 474.7 10.75 464 24 464H200z\"><\/path><\/svg><\/div><div class=\"uagb-ifb-title-wrap\"><h4 class=\"uagb-ifb-title\">Dietes Especials<\/h4><\/div><p class=\"uagb-ifb-desc\">Oferim men\u00fas adaptats a diferents necessitats diet\u00e8tiques cl\u00edniques, com dietes toves, hipocal\u00f2riques, hipos\u00f2diques<br>i m\u00e9s, assegurant que cada pacient rebi l&#039;alimentaci\u00f3 adequada per recuperar-lo segons les indicacions m\u00e8diques.<\/p><\/div><\/div>\n\n\n\n<div class=\"wp-block-uagb-info-box uagb-block-b815eded uagb-infobox__content-wrap  uagb-infobox-icon-above-title uagb-infobox-image-valign-top\"><div class=\"uagb-ifb-content\"><div class=\"uagb-ifb-icon-wrap\"><svg xmlns=\"https:\/\/www.w3.org\/2000\/svg\" viewbox=\"0 0 576 512\"><path d=\"M180.5 141.5C219.7 108.5 272.6 80 336 80C399.4 80 452.3 108.5 491.5 141.5C530.5 174.5 558.3 213.1 572.4 241.3C577.2 250.5 577.2 261.5 572.4 270.7C558.3 298 530.5 337.5 491.5 370.5C452.3 403.5 399.4 432 336 432C272.6 432 219.7 403.5 180.5 370.5C164.3 356.7 150 341.9 137.8 327.3L48.12 379.6C35.61 386.9 19.76 384.9 9.474 374.7C-.8133 364.5-2.97 348.7 4.216 336.1L50 256L4.216 175.9C-2.97 163.3-.8133 147.5 9.474 137.3C19.76 127.1 35.61 125.1 48.12 132.4L137.8 184.7C150 170.1 164.3 155.3 180.5 141.5L180.5 141.5zM416 224C398.3 224 384 238.3 384 256C384 273.7 398.3 288 416 288C433.7 288 448 273.7 448 256C448 238.3 433.7 224 416 224z\"><\/path><\/svg><\/div><div class=\"uagb-ifb-title-wrap\"><h4 class=\"uagb-ifb-title\">Ingredients d&#039;alta qualitat<\/h4><\/div><p class=\"uagb-ifb-desc\">Seleccionem ingredients frescos i locals per garantir menjars saludables i adequats per a la recuperaci\u00f3 dels pacients. Treballem amb prove\u00efdors de Madrid i Catalunya que compleixen els est\u00e0ndards m\u00e9s alts de qualitat i seguretat aliment\u00e0ria.<\/p><\/div><\/div>\n<\/div>\n<\/div>\n<\/div>\n<\/div>\n<\/div>\n\n\n\n<div class=\"wp-block-uagb-container uagb-block-d12b6a3f alignfull uagb-is-root-container\"><div class=\"uagb-container-inner-blocks-wrap\">\n<div class=\"wp-block-uagb-container uagb-block-e8fc5b62\">\n<div class=\"wp-block-uagb-container uagb-block-69016d88\">\n<div class=\"wp-block-uagb-image uagb-block-d209fe2f wp-block-uagb-image--layout-default wp-block-uagb-image--effect-static wp-block-uagb-image--align-none\"><figure class=\"wp-block-uagb-image__figure\"><a class=\"\" href=\"https:\/\/catasa.es\/wp-content\/uploads\/2024\/05\/espana.png\" target=\"\" rel=\"noopener\"><img decoding=\"async\" srcset=\"https:\/\/catasa.es\/wp-content\/uploads\/2024\/05\/espana-1024x818.png ,https:\/\/catasa.es\/wp-content\/uploads\/2024\/05\/espana.png 780w, https:\/\/catasa.es\/wp-content\/uploads\/2024\/05\/espana.png 360w\" sizes=\"auto, (max-width: 480px) 150px\" src=\"https:\/\/catasa.es\/wp-content\/uploads\/2024\/05\/espana-1024x818.png\" alt=\"\" class=\"uag-image-7694\" width=\"1024\" height=\"818\" title=\"espana\" loading=\"lazy\" role=\"img\"\/><\/a><\/figure><\/div>\n<\/div>\n\n\n\n<div class=\"wp-block-uagb-container uagb-block-eb398f2f\">\n<div class=\"wp-block-uagb-advanced-heading uagb-block-07d1d068\"><h2 class=\"uagb-heading-text\">Servei de C\u00e0tering per a Hospitals a Madrid i Catalunya<\/h2><p class=\"uagb-desc-text\">A tots dos territoris, proporcionem <strong>serveis de cuina in situ<\/strong>, assegurant que els menjars es preparin directament a les instal\u00b7lacions de l&#039;hospital, oferint frescor i qualitat.<\/p><\/div>\n\n\n\n<div class=\"wp-block-uagb-info-box uagb-block-a4fa6158 uagb-infobox__content-wrap  uagb-infobox-icon-left uagb-infobox-left uagb-infobox-stacked-tablet uagb-infobox-image-valign-top\"><div class=\"uagb-ifb-icon-wrap\"><svg xmlns=\"https:\/\/www.w3.org\/2000\/svg\" viewbox=\"0 0 640 512\"><path d=\"M112 0C85.49 0 64 21.49 64 48V96H16C7.163 96 0 103.2 0 112C0 120.8 7.163 128 16 128H272C280.8 128 288 135.2 288 144C288 152.8 280.8 160 272 160H48C39.16 160 32 167.2 32 176C32 184.8 39.16 192 48 192H240C248.8 192 256 199.2 256 208C256 216.8 248.8 224 240 224H16C7.163 224 0 231.2 0 240C0 248.8 7.163 256 16 256H208C216.8 256 224 263.2 224 272C224 280.8 216.8 288 208 288H64V416C64 469 106.1 512 160 512C213 512 256 469 256 416H384C384 469 426.1 512 480 512C533 512 576 469 576 416H608C625.7 416 640 401.7 640 384C640 366.3 625.7 352 608 352V237.3C608 220.3 601.3 204 589.3 192L512 114.7C499.1 102.7 483.7 96 466.7 96H416V48C416 21.49 394.5 0 368 0H112zM544 237.3V256H416V160H466.7L544 237.3zM160 464C133.5 464 112 442.5 112 416C112 389.5 133.5 368 160 368C186.5 368 208 389.5 208 416C208 442.5 186.5 464 160 464zM528 416C528 442.5 506.5 464 480 464C453.5 464 432 442.5 432 416C432 389.5 453.5 368 480 368C506.5 368 528 389.5 528 416z\"><\/path><\/svg><\/div><div class=\"uagb-ifb-content\"><div class=\"uagb-ifb-title-wrap\"><h3 class=\"uagb-ifb-title\">Menjar transportat<\/h3><\/div><p class=\"uagb-ifb-desc\">A Madrid, a m\u00e9s del servei in situ, oferim menjar transportat des de la nostra <strong>cuina central a Getafe<\/strong>, complint amb estrictes controls de qualitat i seguretat aliment\u00e0ria.<\/p><\/div><\/div>\n<\/div>\n<\/div>\n<\/div><\/div>\n\n\n\n<div class=\"wp-block-uagb-container uagb-block-02f3111c alignfull uagb-is-root-container\"><div class=\"uagb-container-inner-blocks-wrap\">\n<div class=\"wp-block-uagb-container uagb-block-bb6a5ae1\">\n<div class=\"wp-block-uagb-container uagb-block-6f24d7e9\">\n<div class=\"wp-block-uagb-advanced-heading uagb-block-564d8de1\"><h2 class=\"uagb-heading-text\">Beneficis del C\u00e0tering per a Hospitals de CATASA<\/h2><\/div>\n\n\n\n<div class=\"wp-block-uagb-container uagb-block-67274ec5\">\n<div class=\"wp-block-uagb-info-box uagb-block-b869852b uagb-infobox__content-wrap  uagb-infobox-icon-above-title uagb-infobox-image-valign-top\"><div class=\"uagb-ifb-content\"><div class=\"uagb-ifb-title-wrap\"><h3 class=\"uagb-ifb-title\">Productes Frescos i Locals<\/h3><\/div><p class=\"uagb-ifb-desc\">Ens prove\u00efm de productes frescos i ecol\u00f2gics de productors locals de Madrid i Catalunya, reduint la nostra empremta de carboni i garantint la m\u00e0xima frescor a cada \u00e0pat servit a l&#039;hospital.<\/p><\/div><\/div>\n\n\n\n<div class=\"wp-block-uagb-info-box uagb-block-65e38782 uagb-infobox__content-wrap  uagb-infobox-icon-above-title uagb-infobox-image-valign-top\"><div class=\"uagb-ifb-content\"><div class=\"uagb-ifb-title-wrap\"><h3 class=\"uagb-ifb-title\">Experi\u00e8ncia i Confian\u00e7a<\/h3><\/div><p class=\"uagb-ifb-desc\">Amb m\u00e9s de 30 anys d&#039;experi\u00e8ncia en c\u00e0tering hospitalari, gestionem milers de menjars diaris a centres de salut de Madrid i Catalunya, adaptant-nos a les necessitats espec\u00edfiques de cada centre amb professionalitat i rigor.<\/p><\/div><\/div>\n\n\n\n<div class=\"wp-block-uagb-info-box uagb-block-95671725 uagb-infobox__content-wrap  uagb-infobox-icon-above-title uagb-infobox-image-valign-top\"><div class=\"uagb-ifb-content\"><div class=\"uagb-ifb-title-wrap\"><h3 class=\"uagb-ifb-title\">Qualitat Garantida<\/h3><\/div><p class=\"uagb-ifb-desc\">Els nostres rigorosos protocols de control de qualitat i seguretat aliment\u00e0ria garanteixen que cada menjar servit als hospitals compleixi els m\u00e9s alts est\u00e0ndards sanitaris, assegurant la salut i el benestar dels pacients.<\/p><\/div><\/div>\n<\/div>\n<\/div>\n<\/div>\n<\/div><\/div>\n\n\n\n<div class=\"wp-block-uagb-container uagb-block-f837acac alignfull uagb-is-root-container\">\n<div class=\"wp-block-uagb-container uagb-block-905c7643\">\n<div class=\"wp-block-uagb-container uagb-block-e13bbf70\"><\/div>\n\n\n\n<div class=\"wp-block-uagb-container uagb-block-82b470e9\">\n<div class=\"wp-block-uagb-advanced-heading uagb-block-d885bab8\"><h2 class=\"uagb-heading-text\">Protocols de Seguretat i Nutrici\u00f3<\/h2><\/div>\n\n\n\n<div class=\"wp-block-uagb-icon-list uagb-block-f98c5987\"><div class=\"uagb-icon-list__wrap\">\n<div class=\"wp-block-uagb-icon-list-child uagb-block-d23dcc58\"><span class=\"uagb-icon-list__source-wrap\"><svg xmlns=\"https:\/\/www.w3.org\/2000\/svg\" viewbox=\"0 0 512 512\"><path d=\"M256 0C114.6 0 0 114.6 0 256c0 141.4 114.6 256 256 256s256-114.6 256-256C512 114.6 397.4 0 256 0zM406.6 278.6l-103.1 103.1c-12.5 12.5-32.75 12.5-45.25 0s-12.5-32.75 0-45.25L306.8 288H128C110.3 288 96 273.7 96 256s14.31-32 32-32h178.8l-49.38-49.38c-12.5-12.5-12.5-32.75 0-45.25s32.75-12.5 45.25 0l103.1 103.1C414.6 241.3 416 251.1 416 256C416 260.9 414.6 270.7 406.6 278.6z\"><\/path><\/svg><\/span><span class=\"uagb-icon-list__label\"><strong>Maneig d&#039;Al\u00b7l\u00e8rgies:<\/strong> Gestionem la documentaci\u00f3 m\u00e8dica de cada pacient per dissenyar dietes especials i segures, formant el personal de cuina i menjador per a la correcta elaboraci\u00f3 i distribuci\u00f3 d&#039;aquests \u00e0pats.<\/span><\/div>\n\n\n\n<div class=\"wp-block-uagb-icon-list-child uagb-block-0c570056\"><span class=\"uagb-icon-list__source-wrap\"><svg xmlns=\"https:\/\/www.w3.org\/2000\/svg\" viewbox=\"0 0 512 512\"><path d=\"M256 0C114.6 0 0 114.6 0 256c0 141.4 114.6 256 256 256s256-114.6 256-256C512 114.6 397.4 0 256 0zM406.6 278.6l-103.1 103.1c-12.5 12.5-32.75 12.5-45.25 0s-12.5-32.75 0-45.25L306.8 288H128C110.3 288 96 273.7 96 256s14.31-32 32-32h178.8l-49.38-49.38c-12.5-12.5-12.5-32.75 0-45.25s32.75-12.5 45.25 0l103.1 103.1C414.6 241.3 416 251.1 416 256C416 260.9 414.6 270.7 406.6 278.6z\"><\/path><\/svg><\/span><span class=\"uagb-icon-list__label\"><strong>Nutrici\u00f3 Hospital\u00e0ria:<\/strong> Els nostres men\u00fas estan dissenyats per promoure una alimentaci\u00f3 equilibrada i adequada a les necessitats espec\u00edfiques dels pacients, fomentant-ne la recuperaci\u00f3 i el benestar.<\/span><\/div>\n<\/div><\/div>\n<\/div>\n<\/div>\n<\/div>\n\n\n\n<div class=\"wp-block-uagb-container uagb-block-ee4d4e6c alignfull uagb-is-root-container\"><div class=\"uagb-container-inner-blocks-wrap\">\n<div class=\"wp-block-uagb-container uagb-block-a5e8f799\">\n<div class=\"wp-block-uagb-advanced-heading uagb-block-edbc224b\"><h2 class=\"uagb-heading-text\">Preguntes m\u00e9s freq\u00fcents<\/h2><\/div>\n\n\n<div class=\"wp-block-uagb-faq uagb-faq__outer-wrap uagb-block-5bb58977 uagb-faq-icon-row uagb-faq-layout-accordion uagb-faq-expand-first-true uagb-faq-inactive-other-true uagb-faq__wrap uagb-buttons-layout-wrap uagb-faq-equal-height\" data-faqtoggle=\"true\" role=\"tablist\"><div class=\"wp-block-uagb-faq-child uagb-faq-child__outer-wrap uagb-faq-item uagb-block-2feb1cb9\" role=\"tab\" tabindex=\"0\"><div class=\"uagb-faq-questions-button uagb-faq-questions\">\t\t\t<span class=\"uagb-icon uagb-faq-icon-wrap\">\n\t\t\t\t\t\t\t\t<svg xmlns=\"https:\/\/www.w3.org\/2000\/svg\" viewbox= \"0 0 448 512\"><path d=\"M432 256c0 17.69-14.33 32.01-32 32.01H256v144c0 17.69-14.33 31.99-32 31.99s-32-14.3-32-31.99v-144H48c-17.67 0-32-14.32-32-32.01s14.33-31.99 32-31.99H192v-144c0-17.69 14.33-32.01 32-32.01s32 14.32 32 32.01v144h144C417.7 224 432 238.3 432 256z\"><\/path><\/svg>\n\t\t\t\t\t\t\t<\/span>\n\t\t\t\t\t\t<span class=\"uagb-icon-active uagb-faq-icon-wrap\">\n\t\t\t\t\t\t\t\t<svg xmlns=\"https:\/\/www.w3.org\/2000\/svg\" viewbox= \"0 0 448 512\"><path d=\"M400 288h-352c-17.69 0-32-14.32-32-32.01s14.31-31.99 32-31.99h352c17.69 0 32 14.3 32 31.99S417.7 288 400 288z\"><\/path><\/svg>\n\t\t\t\t\t\t\t<\/span>\n\t\t\t<span class=\"uagb-question\">Ens agradaria oferir men\u00fas diaris, per\u00f2 no disposem de cuina a les instal\u00b7lacions de la cafeteria.<\/span><\/div><div class=\"uagb-faq-content\"><p>Catasa disposa de cuines centrals des d&#039;on es poden distribuir di\u00e0riament men\u00fas elaborats a les nostres instal\u00b7lacions.<\/p><\/div><\/div><div class=\"wp-block-uagb-faq-child uagb-faq-child__outer-wrap uagb-faq-item uagb-block-33d78bac\" role=\"tab\" tabindex=\"0\"><div class=\"uagb-faq-questions-button uagb-faq-questions\">\t\t\t<span class=\"uagb-icon uagb-faq-icon-wrap\">\n\t\t\t\t\t\t\t\t<svg xmlns=\"https:\/\/www.w3.org\/2000\/svg\" viewbox= \"0 0 448 512\"><path d=\"M432 256c0 17.69-14.33 32.01-32 32.01H256v144c0 17.69-14.33 31.99-32 31.99s-32-14.3-32-31.99v-144H48c-17.67 0-32-14.32-32-32.01s14.33-31.99 32-31.99H192v-144c0-17.69 14.33-32.01 32-32.01s32 14.32 32 32.01v144h144C417.7 224 432 238.3 432 256z\"><\/path><\/svg>\n\t\t\t\t\t\t\t<\/span>\n\t\t\t\t\t\t<span class=\"uagb-icon-active uagb-faq-icon-wrap\">\n\t\t\t\t\t\t\t\t<svg xmlns=\"https:\/\/www.w3.org\/2000\/svg\" viewbox= \"0 0 448 512\"><path d=\"M400 288h-352c-17.69 0-32-14.32-32-32.01s14.31-31.99 32-31.99h352c17.69 0 32 14.3 32 31.99S417.7 288 400 288z\"><\/path><\/svg>\n\t\t\t\t\t\t\t<\/span>\n\t\t\t<span class=\"uagb-question\">Al nostre centre hospitalari hi ha molts tipus de men\u00fas: derivacions del men\u00fa basal, texturitzats, f\u00e0cil masticaci\u00f3, triturats\u2026 Com es gestiona?<\/span><\/div><div class=\"uagb-faq-content\"><p>A Catasa gestionem tota la gamma de textures i tipus de men\u00fa hospitalari: basal, tou, de f\u00e0cil masticaci\u00f3, texturitzat i triturat. Els nostres cuiners estan formats espec\u00edficament per a cada tipus, garantint el mateix valor nutricional, sabor i presentaci\u00f3. Coordinem directament amb l&#039;equip m\u00e8dic i de diet\u00e8tica de cada hospital per ajustar cada dieta a les necessitats cl\u00edniques del pacient.<\/p><\/div><\/div><div class=\"wp-block-uagb-faq-child uagb-faq-child__outer-wrap uagb-faq-item uagb-block-3d58ac3e\" role=\"tab\" tabindex=\"0\"><div class=\"uagb-faq-questions-button uagb-faq-questions\">\t\t\t<span class=\"uagb-icon uagb-faq-icon-wrap\">\n\t\t\t\t\t\t\t\t<svg xmlns=\"https:\/\/www.w3.org\/2000\/svg\" viewbox= \"0 0 448 512\"><path d=\"M432 256c0 17.69-14.33 32.01-32 32.01H256v144c0 17.69-14.33 31.99-32 31.99s-32-14.3-32-31.99v-144H48c-17.67 0-32-14.32-32-32.01s14.33-31.99 32-31.99H192v-144c0-17.69 14.33-32.01 32-32.01s32 14.32 32 32.01v144h144C417.7 224 432 238.3 432 256z\"><\/path><\/svg>\n\t\t\t\t\t\t\t<\/span>\n\t\t\t\t\t\t<span class=\"uagb-icon-active uagb-faq-icon-wrap\">\n\t\t\t\t\t\t\t\t<svg xmlns=\"https:\/\/www.w3.org\/2000\/svg\" viewbox= \"0 0 448 512\"><path d=\"M400 288h-352c-17.69 0-32-14.32-32-32.01s14.31-31.99 32-31.99h352c17.69 0 32 14.3 32 31.99S417.7 288 400 288z\"><\/path><\/svg>\n\t\t\t\t\t\t\t<\/span>\n\t\t\t<span class=\"uagb-question\">A quines zones de Madrid i Catalunya oferiu el servei de c\u00e0tering per a hospitals?<\/span><\/div><div class=\"uagb-faq-content\"><p>Oferim c\u00e0tering hospitalari a tota la Comunitat de Madrid i Catalunya. Les nostres cuines centrals a Getafe (Madrid) i Barcelona ens permeten garantir lliuraments puntuals i menjar sempre fresc. Contacta amb nosaltres per confirmar cobertura a la teva zona i sol\u00b7licitar un pressupost personalitzat.<\/p><\/div><\/div><\/div><\/div>\n<\/div><\/div>\n\n\n\n<div class=\"wp-block-uagb-container uagb-block-4f6fa9fc alignfull uagb-is-root-container\"><div class=\"uagb-container-inner-blocks-wrap\">\n<div class=\"wp-block-uagb-container uagb-block-e4b2f3ae\">\n<div class=\"wp-block-uagb-advanced-heading uagb-block-a2ac644f\"><div class=\"uagb-heading-text\">Contacte per a Serveis de C\u00e0tering per a Hospitals<\/div><p class=\"uagb-desc-text\">Per obtenir m\u00e9s informaci\u00f3 sobre els nostres serveis de c\u00e0tering per a hospitals o sol\u00b7licitar una cotitzaci\u00f3 personalitzada, no dubtis en <strong>contactar-nos<\/strong>. Som aqu\u00ed per proporcionar la millor alimentaci\u00f3 als teus pacients.<\/p><\/div>\n<\/div>\n\n\n\n<div class=\"wp-block-uagb-container uag-blocks-common-selector uagb-block-33f9de53\">\n<div class=\"wp-block-uagb-buttons uagb-buttons__outer-wrap uagb-btn__default-btn uagb-btn-tablet__default-btn uagb-btn-mobile__default-btn uagb-block-a80ea3db\"><div class=\"uagb-buttons__wrap uagb-buttons-layout-wrap\">\n<div class=\"wp-block-uagb-buttons-child uagb-buttons__outer-wrap uagb-block-604aad22 wp-block-button\"><div class=\"uagb-button__wrapper\"><a class=\"uagb-buttons-repeater wp-block-button__link\" aria-label=\"\" href=\"https:\/\/catasa.es\/cat\/contacte\/\" rel=\"follow noopener\" target=\"_self\" role=\"button\"><div class=\"uagb-button__link\">Demana pressupost personalitzat<\/div><\/a><\/div><\/div>\n<\/div><\/div>\n<\/div>\n<\/div><\/div>","protected":false},"excerpt":{"rendered":"<p>C\u00e1tering para Hospitales En Catasa sabemos que una nutrici\u00f3n adecuada es fundamental para la recuperaci\u00f3n y el bienestar de los pacientes. Con m\u00e1s de 30 a\u00f1os de experiencia, ofrecemos servicios de catering para hospitales en Madrid y Catalu\u00f1a, adapt\u00e1ndonos a las necesidades espec\u00edficas de cada centro de salud y garantizando la m\u00e1xima calidad en cada [&hellip;]<\/p>","protected":false},"author":122,"featured_media":0,"parent":7816,"menu_order":4,"comment_status":"closed","ping_status":"closed","template":"","meta":{"_uag_custom_page_level_css":"","site-sidebar-layout":"default","site-content-layout":"","ast-site-content-layout":"full-width-container","site-content-style":"default","site-sidebar-style":"default","ast-global-header-display":"","ast-banner-title-visibility":"","ast-main-header-display":"","ast-hfb-above-header-display":"","ast-hfb-below-header-display":"","ast-hfb-mobile-header-display":"","site-post-title":"disabled","ast-breadcrumbs-content":"","ast-featured-img":"","footer-sml-layout":"","ast-disable-related-posts":"","theme-transparent-header-meta":"enabled","adv-header-id-meta":"","stick-header-meta":"","header-above-stick-meta":"","header-main-stick-meta":"","header-below-stick-meta":"","astra-migrate-meta-layouts":"set","ast-page-background-enabled":"default","ast-page-background-meta":{"desktop":{"background-color":"","background-image":"","background-repeat":"repeat","background-position":"center center","background-size":"auto","background-attachment":"scroll","background-type":"","background-media":"","overlay-type":"","overlay-color":"","overlay-opacity":"","overlay-gradient":""},"tablet":{"background-color":"","background-image":"","background-repeat":"repeat","background-position":"center center","background-size":"auto","background-attachment":"scroll","background-type":"","background-media":"","overlay-type":"","overlay-color":"","overlay-opacity":"","overlay-gradient":""},"mobile":{"background-color":"","background-image":"","background-repeat":"repeat","background-position":"center center","background-size":"auto","background-attachment":"scroll","background-type":"","background-media":"","overlay-type":"","overlay-color":"","overlay-opacity":"","overlay-gradient":""}},"ast-content-background-meta":{"desktop":{"background-color":"var(--ast-global-color-5)","background-image":"","background-repeat":"repeat","background-position":"center center","background-size":"auto","background-attachment":"scroll","background-type":"","background-media":"","overlay-type":"","overlay-color":"","overlay-opacity":"","overlay-gradient":""},"tablet":{"background-color":"var(--ast-global-color-5)","background-image":"","background-repeat":"repeat","background-position":"center center","background-size":"auto","background-attachment":"scroll","background-type":"","background-media":"","overlay-type":"","overlay-color":"","overlay-opacity":"","overlay-gradient":""},"mobile":{"background-color":"var(--ast-global-color-5)","background-image":"","background-repeat":"repeat","background-position":"center center","background-size":"auto","background-attachment":"scroll","background-type":"","background-media":"","overlay-type":"","overlay-color":"","overlay-opacity":"","overlay-gradient":""}},"footnotes":""},"class_list":["post-8073","page","type-page","status-publish","hentry"],"uagb_featured_image_src":{"full":false,"thumbnail":false,"medium":false,"medium_large":false,"large":false,"1536x1536":false,"2048x2048":false,"trp-custom-language-flag":false,"mailpoet_newsletter_max":false,"woocommerce_thumbnail":false,"woocommerce_single":false,"woocommerce_gallery_thumbnail":false},"uagb_author_info":{"display_name":"test websmedia","author_link":"https:\/\/catasa.es\/cat\/author\/test\/"},"uagb_comment_info":0,"uagb_excerpt":"C\u00e1tering para Hospitales En Catasa sabemos que una nutrici\u00f3n adecuada es fundamental para la recuperaci\u00f3n y el bienestar de los pacientes. Con m\u00e1s de 30 a\u00f1os de experiencia, ofrecemos servicios de catering para hospitales en Madrid y Catalu\u00f1a, adapt\u00e1ndonos a las necesidades espec\u00edficas de cada centro de salud y garantizando la m\u00e1xima calidad en cada&hellip;","_links":{"self":[{"href":"https:\/\/catasa.es\/cat\/wp-json\/wp\/v2\/pages\/8073","targetHints":{"allow":["GET"]}}],"collection":[{"href":"https:\/\/catasa.es\/cat\/wp-json\/wp\/v2\/pages"}],"about":[{"href":"https:\/\/catasa.es\/cat\/wp-json\/wp\/v2\/types\/page"}],"author":[{"embeddable":true,"href":"https:\/\/catasa.es\/cat\/wp-json\/wp\/v2\/users\/122"}],"replies":[{"embeddable":true,"href":"https:\/\/catasa.es\/cat\/wp-json\/wp\/v2\/comments?post=8073"}],"version-history":[{"count":6,"href":"https:\/\/catasa.es\/cat\/wp-json\/wp\/v2\/pages\/8073\/revisions"}],"predecessor-version":[{"id":17196,"href":"https:\/\/catasa.es\/cat\/wp-json\/wp\/v2\/pages\/8073\/revisions\/17196"}],"up":[{"embeddable":true,"href":"https:\/\/catasa.es\/cat\/wp-json\/wp\/v2\/pages\/7816"}],"wp:attachment":[{"href":"https:\/\/catasa.es\/cat\/wp-json\/wp\/v2\/media?parent=8073"}],"curies":[{"name":"wp","href":"https:\/\/api.w.org\/{rel}","templated":true}]}}